{"id":1838,"date":"2022-06-14T09:23:36","date_gmt":"2022-06-14T13:23:36","guid":{"rendered":"https:\/\/carolinesingler.hypercode.ca\/politique-de-livraison\/"},"modified":"2022-08-02T14:14:50","modified_gmt":"2022-08-02T18:14:50","slug":"politique-de-livraison","status":"publish","type":"page","link":"https:\/\/carolinesingler.com\/en\/politique-de-livraison\/","title":{"rendered":"Delivery Policies"},"content":{"rendered":"\n<p><\/p><h3>D\u00e9lai<\/h3>\n\n<p>Toutes les commandes sont trait\u00e9es dans un d\u00e9lai de 1 \u00e0 2 jours ouvrables (hors week-ends et jours f\u00e9ri\u00e9s) apr\u00e8s r\u00e9ception de votre courriel de confirmation de commande. Vous recevrez une nouvelle notification accompagn\u00e9e d\u2019un num\u00e9ro de suivi lorsque votre commande aura \u00e9t\u00e9 exp\u00e9di\u00e9e.<\/p>\n\n<p><\/p><h3>Responsabilit\u00e9<\/h3>\n\n<p>Je ne peux \u00eatre tenue responsable pour les retards potentiels dus \u00e0 un volume \u00e9lev\u00e9 de commandes ou les probl\u00e8mes de services postaux qui sont hors de mon contr\u00f4le.<\/p>\n\n<p><\/p><h3>Transporteurs<\/h3>\n\n<p>Les transporteurs choisis sont Postes Canada ou UPS. Je tente toujours d\u2019utiliser le moins dispendieux. Les prix sont calcul\u00e9s selon la dimension, le poids et la destination ainsi que les frais d\u2019emballage.<\/p>\n\n<p><\/p><h3>Livraison hors Canada<\/h3>\n\n<p>Pour les colis hors Canada, vous devrez me contacter car il peut y avoir des frais de douanes.<\/p>\n\n<p><\/p><h3>Livraison locale<\/h3>\n\n<p>Pour les clients demeurant \u00e0 environ + ou \u2013 de 150km de la Mauricie, je peux faire une livraison en personne sans frais. Cela s\u2019applique seulement sur les \u0153uvres originales.<\/p>\n\n<p><\/p><h3>Politique de retour<\/h3>\n\n<p>Aucun retour \u00e0 moins que votre commande arriverait endommag\u00e9e. Veuillez me contacter d\u00e8s r\u00e9ception avec photo \u00e0 l\u2019appui. Je pourrai vous octroyer un remboursement total ou partiel, d\u00e9pendamment du dommage.<\/p>\n\n<p><\/p>\n","protected":false},"excerpt":{"rendered":"<p>D\u00e9lai Toutes les commandes sont trait\u00e9es dans un d\u00e9lai de 1 \u00e0 2 jours ouvrables (hors week-ends et jours f\u00e9ri\u00e9s) apr\u00e8s r\u00e9ception de votre courriel de confirmation de commande. Vous recevrez une nouvelle notification accompagn\u00e9e d\u2019un num\u00e9ro de suivi lorsque votre commande aura \u00e9t\u00e9 exp\u00e9di\u00e9e. Responsabilit\u00e9 Je ne peux \u00eatre tenue responsable pour les retards [&hellip;]<\/p>\n","protected":false},"author":1,"featured_media":0,"parent":0,"menu_order":0,"comment_status":"closed","ping_status":"closed","template":"","meta":{"_uag_custom_page_level_css":"","site-sidebar-layout":"default","site-content-layout":"","ast-site-content-layout":"default","site-content-style":"default","site-sidebar-style":"default","ast-global-header-display":"","ast-banner-title-visibility":"","ast-main-header-display":"","ast-hfb-above-header-display":"","ast-hfb-below-header-display":"","ast-hfb-mobile-header-display":"","site-post-title":"","ast-breadcrumbs-content":"","ast-featured-img":"","footer-sml-layout":"","ast-disable-related-posts":"","theme-transparent-header-meta":"","adv-header-id-meta":"","stick-header-meta":"","header-above-stick-meta":"","header-main-stick-meta":"","header-below-stick-meta":"","astra-migrate-meta-layouts":"default","ast-page-background-enabled":"default","ast-page-background-meta":{"desktop":{"background-color":"","background-image":"","background-repeat":"repeat","background-position":"center center","background-size":"auto","background-attachment":"scroll","background-type":"","background-media":"","overlay-type":"","overlay-color":"","overlay-opacity":"","overlay-gradient":""},"tablet":{"background-color":"","background-image":"","background-repeat":"repeat","background-position":"center center","background-size":"auto","background-attachment":"scroll","background-type":"","background-media":"","overlay-type":"","overlay-color":"","overlay-opacity":"","overlay-gradient":""},"mobile":{"background-color":"","background-image":"","background-repeat":"repeat","background-position":"center center","background-size":"auto","background-attachment":"scroll","background-type":"","background-media":"","overlay-type":"","overlay-color":"","overlay-opacity":"","overlay-gradient":""}},"ast-content-background-meta":{"desktop":{"background-color":"var(--ast-global-color-5)","background-image":"","background-repeat":"repeat","background-position":"center center","background-size":"auto","background-attachment":"scroll","background-type":"","background-media":"","overlay-type":"","overlay-color":"","overlay-opacity":"","overlay-gradient":""},"tablet":{"background-color":"var(--ast-global-color-5)","background-image":"","background-repeat":"repeat","background-position":"center center","background-size":"auto","background-attachment":"scroll","background-type":"","background-media":"","overlay-type":"","overlay-color":"","overlay-opacity":"","overlay-gradient":""},"mobile":{"background-color":"var(--ast-global-color-5)","background-image":"","background-repeat":"repeat","background-position":"center center","background-size":"auto","background-attachment":"scroll","background-type":"","background-media":"","overlay-type":"","overlay-color":"","overlay-opacity":"","overlay-gradient":""}},"footnotes":""},"class_list":["post-1838","page","type-page","status-publish","hentry"],"uagb_featured_image_src":{"full":false,"thumbnail":false,"medium":false,"medium_large":false,"large":false,"1536x1536":false,"2048x2048":false,"woocommerce_thumbnail":false,"woocommerce_single":false,"woocommerce_gallery_thumbnail":false},"uagb_author_info":{"display_name":"ndufour","author_link":"https:\/\/carolinesingler.com\/en\/author\/ndufour\/"},"uagb_comment_info":0,"uagb_excerpt":"D\u00e9lai Toutes les commandes sont trait\u00e9es dans un d\u00e9lai de 1 \u00e0 2 jours ouvrables (hors week-ends et jours f\u00e9ri\u00e9s) apr\u00e8s r\u00e9ception de votre courriel de confirmation de commande. Vous recevrez une nouvelle notification accompagn\u00e9e d\u2019un num\u00e9ro de suivi lorsque votre commande aura \u00e9t\u00e9 exp\u00e9di\u00e9e. Responsabilit\u00e9 Je ne peux \u00eatre tenue responsable pour les retards&hellip;","_links":{"self":[{"href":"https:\/\/carolinesingler.com\/en\/wp-json\/wp\/v2\/pages\/1838","targetHints":{"allow":["GET"]}}],"collection":[{"href":"https:\/\/carolinesingler.com\/en\/wp-json\/wp\/v2\/pages"}],"about":[{"href":"https:\/\/carolinesingler.com\/en\/wp-json\/wp\/v2\/types\/page"}],"author":[{"embeddable":true,"href":"https:\/\/carolinesingler.com\/en\/wp-json\/wp\/v2\/users\/1"}],"replies":[{"embeddable":true,"href":"https:\/\/carolinesingler.com\/en\/wp-json\/wp\/v2\/comments?post=1838"}],"version-history":[{"count":3,"href":"https:\/\/carolinesingler.com\/en\/wp-json\/wp\/v2\/pages\/1838\/revisions"}],"predecessor-version":[{"id":1857,"href":"https:\/\/carolinesingler.com\/en\/wp-json\/wp\/v2\/pages\/1838\/revisions\/1857"}],"wp:attachment":[{"href":"https:\/\/carolinesingler.com\/en\/wp-json\/wp\/v2\/media?parent=1838"}],"curies":[{"name":"wp","href":"https:\/\/api.w.org\/{rel}","templated":true}]}}