{"id":1482,"date":"2022-04-12T14:04:20","date_gmt":"2022-04-12T18:04:20","guid":{"rendered":"https:\/\/carolinesingler.hypercode.ca\/videos\/"},"modified":"2022-08-03T16:28:23","modified_gmt":"2022-08-03T20:28:23","slug":"videos","status":"publish","type":"page","link":"https:\/\/carolinesingler.com\/en\/videos\/","title":{"rendered":"Videos"},"content":{"rendered":"\t\t<div data-elementor-type=\"wp-page\" data-elementor-id=\"1482\" class=\"elementor elementor-1482 elementor-1187\">\n\t\t\t\t\t\t<section class=\"elementor-section elementor-top-section elementor-element elementor-element-9cf86dc elementor-section-boxed elementor-section-height-default elementor-section-height-default\" data-id=\"9cf86dc\" data-element_type=\"section\" data-e-type=\"section\">\n\t\t\t\t\t\t<div class=\"elementor-container elementor-column-gap-default\">\n\t\t\t\t\t<div class=\"elementor-column elementor-col-100 elementor-top-column elementor-element elementor-element-8ca9e59\" data-id=\"8ca9e59\" data-element_type=\"column\" data-e-type=\"column\">\n\t\t\t<div class=\"elementor-widget-wrap elementor-element-populated\">\n\t\t\t\t\t\t<div class=\"elementor-element elementor-element-73f2a8b elementor-widget elementor-widget-heading\" data-id=\"73f2a8b\" data-element_type=\"widget\" data-e-type=\"widget\" data-widget_type=\"heading.default\">\n\t\t\t\t\t\t<div class=\"elementor-widget-container\">\n\t\t\t\t\t<h2 class=\"elementor-heading-title elementor-size-default\">Videos<\/h2>\t\t\t\t<\/div>\n\t\t\t\t<\/div>\n\t\t\t\t\t<\/div>\n\t\t<\/div>\n\t\t\t\t\t<\/div>\n\t\t<\/section>\n\t\t\t\t<section class=\"elementor-section elementor-top-section elementor-element elementor-element-2fa3ba59 elementor-section-boxed elementor-section-height-default elementor-section-height-default\" data-id=\"2fa3ba59\" data-element_type=\"section\" data-e-type=\"section\">\n\t\t\t\t\t\t<div class=\"elementor-container elementor-column-gap-default\">\n\t\t\t\t\t<div class=\"elementor-column elementor-col-100 elementor-top-column elementor-element elementor-element-6e5a412\" data-id=\"6e5a412\" data-element_type=\"column\" data-e-type=\"column\" data-settings=\"{&quot;background_background&quot;:&quot;classic&quot;}\">\n\t\t\t<div class=\"elementor-widget-wrap elementor-element-populated\">\n\t\t\t\t\t\t<div class=\"elementor-element elementor-element-39ce7ba uael-posts-thumbnail-ratio elementor-widget elementor-widget-uael-posts\" data-id=\"39ce7ba\" data-element_type=\"widget\" data-e-type=\"widget\" data-settings=\"{&quot;event_slides_to_show&quot;:3,&quot;event_slides_to_show_tablet&quot;:2,&quot;event_slides_to_show_mobile&quot;:1,&quot;event_show_filters&quot;:&quot;no&quot;}\" data-widget_type=\"uael-posts.event\">\n\t\t\t\t\t\t<div class=\"elementor-widget-container\">\n\t\t\t\t\t\t\t<div class=\"uael-post__header\">\n\t\t\t\t\t<\/div>\n\t\t<div class=\"uael-post__body\">\n\t\t\t\n\t\t\n\t\t<div class=\"uael-post-grid uael-posts\" data-query-type=\"custom\" data-structure=\"normal\" data-layout=\"\" data-page=\"1482\" data-skin=\"event\" data-filter-default=\"\" data-offset-top=\"30\" >\n\n\t\t\t\t\t\t\t<div class=\"uael-post-grid__inner uael-post__columns-3 uael-post__columns-tablet-2 uael-post__columns-mobile-1\">\n\t\t\t\n\n<div class=\"uael-post-wrapper   videos \">\n\t<div class=\"uael-post__bg-wrap uael-bg-wrap-disabled\">\n\n\t\t\t\t\n\t\t<div class=\"uael-post__inner-wrap uael-inner-wrap-disabled\">\n\n\t\t\t\t<div class=\"uael-post__thumbnail \">\n\t\t\t\t\t\t<a target=\"_self\" href=\"https:\/\/carolinesingler.com\/en\/see-my-book-on-video\/\" title=\"See my book on video\"><img fetchpriority=\"high\" decoding=\"async\" width=\"600\" height=\"775\" src=\"https:\/\/carolinesingler.com\/wp-content\/uploads\/2022\/04\/livre-csingler-scaled-600x775.jpg\" class=\"attachment-woocommerce_thumbnail size-woocommerce_thumbnail wp-image-1334\" alt=\"\" srcset=\"https:\/\/carolinesingler.com\/wp-content\/uploads\/2022\/04\/livre-csingler-scaled-600x775.jpg 600w, https:\/\/carolinesingler.com\/wp-content\/uploads\/2022\/04\/livre-csingler-scaled-1200x1549.jpg 1200w, https:\/\/carolinesingler.com\/wp-content\/uploads\/2022\/04\/livre-csingler-232x300.jpg 232w, https:\/\/carolinesingler.com\/wp-content\/uploads\/2022\/04\/livre-csingler-793x1024.jpg 793w, https:\/\/carolinesingler.com\/wp-content\/uploads\/2022\/04\/livre-csingler-768x992.jpg 768w, https:\/\/carolinesingler.com\/wp-content\/uploads\/2022\/04\/livre-csingler-1190x1536.jpg 1190w, https:\/\/carolinesingler.com\/wp-content\/uploads\/2022\/04\/livre-csingler-1586x2048.jpg 1586w, https:\/\/carolinesingler.com\/wp-content\/uploads\/2022\/04\/livre-csingler-1320x1704.jpg 1320w, https:\/\/carolinesingler.com\/wp-content\/uploads\/2022\/04\/livre-csingler-scaled.jpg 1983w\" sizes=\"(max-width: 600px) 100vw, 600px\" \/><\/a>\n\t\t\t\t\t<div class=\"uael-post__datebox \">\n\t\t\t\t<div class=\"uael-post__date-wrap\">\n\t\t\t\t\t\t\t\t\t\t<span class='uael-post__date-month'>Apr<\/span><span class='uael-post__date-day'>19<\/span>\t\t\t\t<\/div>\t\t\t\t\n\t\t\t<\/div>\n\t\t<\/div>\n\t\t\n\t\t\t\n\t\t\t<div class=\"uael-post__content-wrap uael-content-wrap-disabled\">\n\n\t\t\t\t\t<h4 class=\"uael-post__title\">\n\n\t\t\n\t\t\t\t\t\t<a href=\"https:\/\/carolinesingler.com\/en\/see-my-book-on-video\/\" target=\"_self\">\n\t\t\t\tSee my book on video\t\t\t<\/a>\n\n\t\t\t\t<\/h4>\n\t\t\t\t\t<div class=\"uael-post__meta-data\">\n\t\t\t\t\t<span class=\"uael-post__date\">\n\t\t\t\t\t\t\t\t\t\t\t\t\t<i aria-hidden=\"true\" class=\"fa fa-calendar\"><\/i>\t\t\t\t\t\t\t\t\t\n\t\t\t19 April 2022\t\t<\/span>\n\t\t<span class=\"uael-post__terms-meta uael-post__terms-meta-cat\"><i aria-hidden=\"true\" class=\"fas fa-video\"><\/i> <a href=\"https:\/\/carolinesingler.com\/en\/category\/videos-en\/\" class=\"uael-listing__terms-link\" id=\"uael-post-term-videos-en\" aria-labelledby=\"uael-post-term-videos-en\">Videos<\/a><\/span>\t\t<\/div>\n\t\t\t\t\t\t<div class=\"uael-cta-auto-align-disabled\">\n\t\t\t\t\t\t\t\t<a class=\"uael-post__read-more elementor-button\" href=\"https:\/\/carolinesingler.com\/en\/see-my-book-on-video\/\" target=\"_self\" aria-labelledby=\"uael-post-1536\">\n\t\t\t\t\t<span class=\"elementor-button-content-wrapper\">\n\t\t\t\t\t\t\t\t\t\t\t\t\t\t<span class=\"elementor-button-icon elementor-align-icon-left\">\n\n\t\t\t\t\t\t\t\t\t<i aria-hidden=\"true\" class=\"far fa-play-circle\"><\/i>\n\t\t\t\t\t\t\t\t<\/span>\n\t\t\t\t\t\t\t\t\t\t\t\t\t\n\t\t\t\t\t\t<span class=\"elementor-button-text\" id=uael-post-1536>Play video \u2192<\/span>\n\t\t\t\t\t<\/span>\n\t\t\t\t<\/a>\n\t\t\t\t\t\t\t\t<\/div>\n\t\t\t\t\t\t\t\t<\/div>\n\t\t\t\n\t\t<\/div>\n\t\t\n\n\t<\/div>\n\n<\/div>\n\t\t\t\t<\/div>\n\t\t\t\t\t\t\n\t\t<\/div>\n\n\t\t\t\t\t\t<\/div>\n\t\t<div class=\"uael-post__footer\">\n\t\t\t\t\t<\/div>\n\t\t\t\t\t\t<\/div>\n\t\t\t\t<\/div>\n\t\t\t\t\t<\/div>\n\t\t<\/div>\n\t\t\t\t\t<\/div>\n\t\t<\/section>\n\t\t\t\t<\/div>\n\t\t","protected":false},"excerpt":{"rendered":"<p>Videos Ao\u00fbt03 Voyez mon livre en vid\u00e9o 19 avril 2022 Vid\u00e9os Play video \u2192<\/p>\n","protected":false},"author":1,"featured_media":1334,"parent":0,"menu_order":0,"comment_status":"closed","ping_status":"closed","template":"","meta":{"_uag_custom_page_level_css":"","site-sidebar-layout":"no-sidebar","site-content-layout":"page-builder","ast-site-content-layout":"default","site-content-style":"default","site-sidebar-style":"default","ast-global-header-display":"","ast-banner-title-visibility":"","ast-main-header-display":"","ast-hfb-above-header-display":"","ast-hfb-below-header-display":"","ast-hfb-mobile-header-display":"","site-post-title":"disabled","ast-breadcrumbs-content":"","ast-featured-img":"disabled","footer-sml-layout":"","ast-disable-related-posts":"","theme-transparent-header-meta":"","adv-header-id-meta":"","stick-header-meta":"","header-above-stick-meta":"","header-main-stick-meta":"","header-below-stick-meta":"","astra-migrate-meta-layouts":"default","ast-page-background-enabled":"default","ast-page-background-meta":{"desktop":{"background-color":"","background-image":"","background-repeat":"repeat","background-position":"center center","background-size":"auto","background-attachment":"scroll","background-type":"","background-media":"","overlay-type":"","overlay-color":"","overlay-opacity":"","overlay-gradient":""},"tablet":{"background-color":"","background-image":"","background-repeat":"repeat","background-position":"center center","background-size":"auto","background-attachment":"scroll","background-type":"","background-media":"","overlay-type":"","overlay-color":"","overlay-opacity":"","overlay-gradient":""},"mobile":{"background-color":"","background-image":"","background-repeat":"repeat","background-position":"center center","background-size":"auto","background-attachment":"scroll","background-type":"","background-media":"","overlay-type":"","overlay-color":"","overlay-opacity":"","overlay-gradient":""}},"ast-content-background-meta":{"desktop":{"background-color":"var(--ast-global-color-5)","background-image":"","background-repeat":"repeat","background-position":"center center","background-size":"auto","background-attachment":"scroll","background-type":"","background-media":"","overlay-type":"","overlay-color":"","overlay-opacity":"","overlay-gradient":""},"tablet":{"background-color":"var(--ast-global-color-5)","background-image":"","background-repeat":"repeat","background-position":"center center","background-size":"auto","background-attachment":"scroll","background-type":"","background-media":"","overlay-type":"","overlay-color":"","overlay-opacity":"","overlay-gradient":""},"mobile":{"background-color":"var(--ast-global-color-5)","background-image":"","background-repeat":"repeat","background-position":"center center","background-size":"auto","background-attachment":"scroll","background-type":"","background-media":"","overlay-type":"","overlay-color":"","overlay-opacity":"","overlay-gradient":""}},"footnotes":""},"class_list":["post-1482","page","type-page","status-publish","has-post-thumbnail","hentry"],"uagb_featured_image_src":{"full":["https:\/\/carolinesingler.com\/wp-content\/uploads\/2022\/04\/livre-csingler-scaled.jpg",1983,2560,false],"thumbnail":["https:\/\/carolinesingler.com\/wp-content\/uploads\/2022\/04\/livre-csingler-150x150.jpg",150,150,true],"medium":["https:\/\/carolinesingler.com\/wp-content\/uploads\/2022\/04\/livre-csingler-232x300.jpg",232,300,true],"medium_large":["https:\/\/carolinesingler.com\/wp-content\/uploads\/2022\/04\/livre-csingler-768x992.jpg",768,992,true],"large":["https:\/\/carolinesingler.com\/wp-content\/uploads\/2022\/04\/livre-csingler-793x1024.jpg",793,1024,true],"1536x1536":["https:\/\/carolinesingler.com\/wp-content\/uploads\/2022\/04\/livre-csingler-1190x1536.jpg",1190,1536,true],"2048x2048":["https:\/\/carolinesingler.com\/wp-content\/uploads\/2022\/04\/livre-csingler-1586x2048.jpg",1586,2048,true],"woocommerce_thumbnail":["https:\/\/carolinesingler.com\/wp-content\/uploads\/2022\/04\/livre-csingler-scaled-600x775.jpg",600,775,true],"woocommerce_single":["https:\/\/carolinesingler.com\/wp-content\/uploads\/2022\/04\/livre-csingler-scaled-1200x1549.jpg",1200,1549,true],"woocommerce_gallery_thumbnail":["https:\/\/carolinesingler.com\/wp-content\/uploads\/2022\/04\/livre-csingler-scaled-100x100.jpg",100,100,true]},"uagb_author_info":{"display_name":"ndufour","author_link":"https:\/\/carolinesingler.com\/en\/author\/ndufour\/"},"uagb_comment_info":0,"uagb_excerpt":"Videos Ao\u00fbt03 Voyez mon livre en vid\u00e9o 19 avril 2022 Vid\u00e9os Play video \u2192","_links":{"self":[{"href":"https:\/\/carolinesingler.com\/en\/wp-json\/wp\/v2\/pages\/1482","targetHints":{"allow":["GET"]}}],"collection":[{"href":"https:\/\/carolinesingler.com\/en\/wp-json\/wp\/v2\/pages"}],"about":[{"href":"https:\/\/carolinesingler.com\/en\/wp-json\/wp\/v2\/types\/page"}],"author":[{"embeddable":true,"href":"https:\/\/carolinesingler.com\/en\/wp-json\/wp\/v2\/users\/1"}],"replies":[{"embeddable":true,"href":"https:\/\/carolinesingler.com\/en\/wp-json\/wp\/v2\/comments?post=1482"}],"version-history":[{"count":10,"href":"https:\/\/carolinesingler.com\/en\/wp-json\/wp\/v2\/pages\/1482\/revisions"}],"predecessor-version":[{"id":1871,"href":"https:\/\/carolinesingler.com\/en\/wp-json\/wp\/v2\/pages\/1482\/revisions\/1871"}],"wp:featuredmedia":[{"embeddable":true,"href":"https:\/\/carolinesingler.com\/en\/wp-json\/wp\/v2\/media\/1334"}],"wp:attachment":[{"href":"https:\/\/carolinesingler.com\/en\/wp-json\/wp\/v2\/media?parent=1482"}],"curies":[{"name":"wp","href":"https:\/\/api.w.org\/{rel}","templated":true}]}}