{"id":1465,"date":"2022-04-11T13:43:44","date_gmt":"2022-04-11T17:43:44","guid":{"rendered":"https:\/\/carolinesingler.hypercode.ca\/artwork\/"},"modified":"2022-05-02T15:49:17","modified_gmt":"2022-05-02T19:49:17","slug":"artwork","status":"publish","type":"page","link":"https:\/\/carolinesingler.com\/en\/artwork\/","title":{"rendered":"Artwork"},"content":{"rendered":"\t\t<div data-elementor-type=\"wp-page\" data-elementor-id=\"1465\" class=\"elementor elementor-1465 elementor-1028\">\n\t\t\t\t\t\t<section class=\"elementor-section elementor-top-section elementor-element elementor-element-9cf86dc elementor-section-boxed elementor-section-height-default elementor-section-height-default\" data-id=\"9cf86dc\" data-element_type=\"section\" data-e-type=\"section\">\n\t\t\t\t\t\t<div class=\"elementor-container elementor-column-gap-default\">\n\t\t\t\t\t<div class=\"elementor-column elementor-col-100 elementor-top-column elementor-element elementor-element-8ca9e59\" data-id=\"8ca9e59\" data-element_type=\"column\" data-e-type=\"column\">\n\t\t\t<div class=\"elementor-widget-wrap elementor-element-populated\">\n\t\t\t\t\t\t<div class=\"elementor-element elementor-element-73f2a8b elementor-widget elementor-widget-heading\" data-id=\"73f2a8b\" data-element_type=\"widget\" data-e-type=\"widget\" data-widget_type=\"heading.default\">\n\t\t\t\t\t\t<div class=\"elementor-widget-container\">\n\t\t\t\t\t<h2 class=\"elementor-heading-title elementor-size-default\">Artwork<\/h2>\t\t\t\t<\/div>\n\t\t\t\t<\/div>\n\t\t\t\t\t<\/div>\n\t\t<\/div>\n\t\t\t\t\t<\/div>\n\t\t<\/section>\n\t\t\t\t<section class=\"elementor-section elementor-top-section elementor-element elementor-element-2fa3ba59 elementor-section-boxed elementor-section-height-default elementor-section-height-default\" data-id=\"2fa3ba59\" data-element_type=\"section\" data-e-type=\"section\">\n\t\t\t\t\t\t<div class=\"elementor-container elementor-column-gap-default\">\n\t\t\t\t\t<div class=\"elementor-column elementor-col-100 elementor-top-column elementor-element elementor-element-6e5a412\" data-id=\"6e5a412\" data-element_type=\"column\" data-e-type=\"column\" data-settings=\"{&quot;background_background&quot;:&quot;classic&quot;}\">\n\t\t\t<div class=\"elementor-widget-wrap elementor-element-populated\">\n\t\t\t\t\t\t<div class=\"elementor-element elementor-element-19109399 elementor-widget elementor-widget-uael-posts\" data-id=\"19109399\" data-element_type=\"widget\" data-e-type=\"widget\" data-settings=\"{&quot;classic_slides_to_show&quot;:3,&quot;classic_slides_to_show_tablet&quot;:2,&quot;classic_slides_to_show_mobile&quot;:1,&quot;classic_show_filters&quot;:&quot;no&quot;}\" data-widget_type=\"uael-posts.classic\">\n\t\t\t\t\t\t<div class=\"elementor-widget-container\">\n\t\t\t\t\t\t\t<div class=\"uael-post__header\">\n\t\t\t\t\t<\/div>\n\t\t<div class=\"uael-post__body\">\n\t\t\t\n\t\t\n\t\t<div class=\"uael-blog-terms-position- uael-post-image-top uael-post-grid uael-posts\" data-query-type=\"custom\" data-structure=\"masonry\" data-layout=\"masonry\" data-page=\"1465\" data-skin=\"classic\" data-filter-default=\"\" data-offset-top=\"30\" >\n\n\t\t\t\t\t\t\t<div class=\"uael-post-grid__inner uael-post__columns-3 uael-post__columns-tablet-2 uael-post__columns-mobile-1 uael-post-masonry uael-post-infinite-scroll uael-post-infinite__event-scroll\">\n\t\t\t\n<div class=\"uael-post-wrapper   artwork \">\n\t<div class=\"uael-post__bg-wrap uael-bg-wrap-disabled \">\n\n\t\t\t\t\n\t\t<div class=\"uael-post__inner-wrap uael-inner-wrap-disabled\">\n\n\t\t\t\t<div class=\"uael-post__thumbnail\">\n\t\t\t\n\t\t\t<a href=\"https:\/\/carolinesingler.com\/en\/la-petite-chevre-coquette-chez-le-dentiste\/\" target=\"_self\" title=\"La petite ch\u00e8vre Coquette chez le dentiste\"><img fetchpriority=\"high\" decoding=\"async\" width=\"544\" height=\"640\" src=\"https:\/\/carolinesingler.com\/wp-content\/uploads\/2026\/04\/Coquette.jpg\" class=\"attachment-full size-full wp-image-2391\" alt=\"\" srcset=\"https:\/\/carolinesingler.com\/wp-content\/uploads\/2026\/04\/Coquette.jpg 544w, https:\/\/carolinesingler.com\/wp-content\/uploads\/2026\/04\/Coquette-255x300.jpg 255w\" sizes=\"(max-width: 544px) 100vw, 544px\" \/><\/a>\n\t\t\t\t\t<\/div>\n\t\t\n\t\t\t\n\t\t\t<div class=\"uael-post__content-wrap uael-content-wrap-disabled\">\n\t\t\t\t\t<h3 class=\"uael-post__title\">\n\n\t\t\n\t\t\t\t\t\t<a href=\"https:\/\/carolinesingler.com\/en\/la-petite-chevre-coquette-chez-le-dentiste\/\" target=\"_self\">\n\t\t\t\tLa petite ch\u00e8vre Coquette chez le dentiste\t\t\t<\/a>\n\n\t\t\t\t<\/h3>\n\t\t\n\t\t<div class=\"uael-post__excerpt\">\n\t\t\tIllustration for the book author Manon B\u00e9dard\t\t<\/div>\n\n\t\t\t\t\t<\/div>\n\t\t\t\n\t\t<\/div>\n\t\t\n\t<\/div>\n\n<\/div>\n\n<div class=\"uael-post-wrapper   artwork \">\n\t<div class=\"uael-post__bg-wrap uael-bg-wrap-disabled \">\n\n\t\t\t\t\n\t\t<div class=\"uael-post__inner-wrap uael-inner-wrap-disabled\">\n\n\t\t\t\t<div class=\"uael-post__thumbnail\">\n\t\t\t\n\t\t\t<a href=\"https:\/\/carolinesingler.com\/en\/desiree\/\" target=\"_self\" title=\"Desiree\"><img decoding=\"async\" width=\"600\" height=\"712\" src=\"https:\/\/carolinesingler.com\/wp-content\/uploads\/2025\/06\/Desiree.png\" class=\"attachment-full size-full wp-image-2242\" alt=\"\" srcset=\"https:\/\/carolinesingler.com\/wp-content\/uploads\/2025\/06\/Desiree.png 600w, https:\/\/carolinesingler.com\/wp-content\/uploads\/2025\/06\/Desiree-253x300.png 253w\" sizes=\"(max-width: 600px) 100vw, 600px\" \/><\/a>\n\t\t\t\t\t<\/div>\n\t\t\n\t\t\t\n\t\t\t<div class=\"uael-post__content-wrap uael-content-wrap-disabled\">\n\t\t\t\t\t<h3 class=\"uael-post__title\">\n\n\t\t\n\t\t\t\t\t\t<a href=\"https:\/\/carolinesingler.com\/en\/desiree\/\" target=\"_self\">\n\t\t\t\tDesiree\t\t\t<\/a>\n\n\t\t\t\t<\/h3>\n\t\t\n\t\t<div class=\"uael-post__excerpt\">\n\t\t\tIllustration for the book author Manon B\u00e9dard\t\t<\/div>\n\n\t\t\t\t\t<\/div>\n\t\t\t\n\t\t<\/div>\n\t\t\n\t<\/div>\n\n<\/div>\n\n<div class=\"uael-post-wrapper   artwork \">\n\t<div class=\"uael-post__bg-wrap uael-bg-wrap-disabled \">\n\n\t\t\t\t\n\t\t<div class=\"uael-post__inner-wrap uael-inner-wrap-disabled\">\n\n\t\t\t\t<div class=\"uael-post__thumbnail\">\n\t\t\t\n\t\t\t<a href=\"https:\/\/carolinesingler.com\/en\/mrc-maskinonge-order-chrismas-card\/\" target=\"_self\" title=\"MRC Maskinong\u00e9 order, Chrismas card\"><img decoding=\"async\" width=\"859\" height=\"1080\" src=\"https:\/\/carolinesingler.com\/wp-content\/uploads\/2024\/12\/ange-de-noel-csingler-br-5.jpg\" class=\"attachment-full size-full wp-image-2235\" alt=\"\" srcset=\"https:\/\/carolinesingler.com\/wp-content\/uploads\/2024\/12\/ange-de-noel-csingler-br-5.jpg 859w, https:\/\/carolinesingler.com\/wp-content\/uploads\/2024\/12\/ange-de-noel-csingler-br-5-239x300.jpg 239w, https:\/\/carolinesingler.com\/wp-content\/uploads\/2024\/12\/ange-de-noel-csingler-br-5-814x1024.jpg 814w, https:\/\/carolinesingler.com\/wp-content\/uploads\/2024\/12\/ange-de-noel-csingler-br-5-768x966.jpg 768w, https:\/\/carolinesingler.com\/wp-content\/uploads\/2024\/12\/ange-de-noel-csingler-br-5-600x754.jpg 600w\" sizes=\"(max-width: 859px) 100vw, 859px\" \/><\/a>\n\t\t\t\t\t<\/div>\n\t\t\n\t\t\t\n\t\t\t<div class=\"uael-post__content-wrap uael-content-wrap-disabled\">\n\t\t\t\t\t<h3 class=\"uael-post__title\">\n\n\t\t\n\t\t\t\t\t\t<a href=\"https:\/\/carolinesingler.com\/en\/mrc-maskinonge-order-chrismas-card\/\" target=\"_self\">\n\t\t\t\tMRC Maskinong\u00e9 order, Chrismas card\t\t\t<\/a>\n\n\t\t\t\t<\/h3>\n\t\t\n\t\t<div class=\"uael-post__excerpt\">\n\t\t\tChrismas Angel 14\u2019\u2019 X 11\u2019\u2019, $200.\t\t<\/div>\n\n\t\t\t\t\t<\/div>\n\t\t\t\n\t\t<\/div>\n\t\t\n\t<\/div>\n\n<\/div>\n\n<div class=\"uael-post-wrapper   artwork \">\n\t<div class=\"uael-post__bg-wrap uael-bg-wrap-disabled \">\n\n\t\t\t\t\n\t\t<div class=\"uael-post__inner-wrap uael-inner-wrap-disabled\">\n\n\t\t\t\t<div class=\"uael-post__thumbnail\">\n\t\t\t\n\t\t\t<a href=\"https:\/\/carolinesingler.com\/en\/mrc-maskinonge-order-chrismas-card-2\/\" target=\"_self\" title=\"MRC Maskinong\u00e9 order, Chrismas card\"><img loading=\"lazy\" decoding=\"async\" width=\"625\" height=\"871\" src=\"https:\/\/carolinesingler.com\/wp-content\/uploads\/2024\/11\/renne-nez-rouge-basse-reso.jpg\" class=\"attachment-full size-full wp-image-2228\" alt=\"\" srcset=\"https:\/\/carolinesingler.com\/wp-content\/uploads\/2024\/11\/renne-nez-rouge-basse-reso.jpg 625w, https:\/\/carolinesingler.com\/wp-content\/uploads\/2024\/11\/renne-nez-rouge-basse-reso-215x300.jpg 215w, https:\/\/carolinesingler.com\/wp-content\/uploads\/2024\/11\/renne-nez-rouge-basse-reso-600x836.jpg 600w\" sizes=\"(max-width: 625px) 100vw, 625px\" \/><\/a>\n\t\t\t\t\t<\/div>\n\t\t\n\t\t\t\n\t\t\t<div class=\"uael-post__content-wrap uael-content-wrap-disabled\">\n\t\t\t\t\t<h3 class=\"uael-post__title\">\n\n\t\t\n\t\t\t\t\t\t<a href=\"https:\/\/carolinesingler.com\/en\/mrc-maskinonge-order-chrismas-card-2\/\" target=\"_self\">\n\t\t\t\tMRC Maskinong\u00e9 order, Chrismas card\t\t\t<\/a>\n\n\t\t\t\t<\/h3>\n\t\t\n\t\t<div class=\"uael-post__excerpt\">\n\t\t\t\t\t<\/div>\n\n\t\t\t\t\t<\/div>\n\t\t\t\n\t\t<\/div>\n\t\t\n\t<\/div>\n\n<\/div>\n\n<div class=\"uael-post-wrapper   artwork \">\n\t<div class=\"uael-post__bg-wrap uael-bg-wrap-disabled \">\n\n\t\t\t\t\n\t\t<div class=\"uael-post__inner-wrap uael-inner-wrap-disabled\">\n\n\t\t\t\t<div class=\"uael-post__thumbnail\">\n\t\t\t\n\t\t\t<a href=\"https:\/\/carolinesingler.com\/en\/politique-familiale-de-la-municipalite-de-st-basile-le-grand\/\" target=\"_self\" title=\"Politique familiale de la municipalit\u00e9 de St-Basile-Le-Grand\"><img loading=\"lazy\" decoding=\"async\" width=\"1680\" height=\"1396\" src=\"https:\/\/carolinesingler.com\/wp-content\/uploads\/2022\/04\/singler-politique-familiale-st-basile.jpg\" class=\"attachment-full size-full wp-image-1032\" alt=\"\" srcset=\"https:\/\/carolinesingler.com\/wp-content\/uploads\/2022\/04\/singler-politique-familiale-st-basile.jpg 1680w, https:\/\/carolinesingler.com\/wp-content\/uploads\/2022\/04\/singler-politique-familiale-st-basile-600x499.jpg 600w, https:\/\/carolinesingler.com\/wp-content\/uploads\/2022\/04\/singler-politique-familiale-st-basile-1200x997.jpg 1200w, https:\/\/carolinesingler.com\/wp-content\/uploads\/2022\/04\/singler-politique-familiale-st-basile-300x249.jpg 300w, https:\/\/carolinesingler.com\/wp-content\/uploads\/2022\/04\/singler-politique-familiale-st-basile-1024x851.jpg 1024w, https:\/\/carolinesingler.com\/wp-content\/uploads\/2022\/04\/singler-politique-familiale-st-basile-768x638.jpg 768w, https:\/\/carolinesingler.com\/wp-content\/uploads\/2022\/04\/singler-politique-familiale-st-basile-1536x1276.jpg 1536w, https:\/\/carolinesingler.com\/wp-content\/uploads\/2022\/04\/singler-politique-familiale-st-basile-1320x1097.jpg 1320w\" sizes=\"(max-width: 1680px) 100vw, 1680px\" \/><\/a>\n\t\t\t\t\t<\/div>\n\t\t\n\t\t\t\n\t\t\t<div class=\"uael-post__content-wrap uael-content-wrap-disabled\">\n\t\t\t\t\t<h3 class=\"uael-post__title\">\n\n\t\t\n\t\t\t\t\t\t<a href=\"https:\/\/carolinesingler.com\/en\/politique-familiale-de-la-municipalite-de-st-basile-le-grand\/\" target=\"_self\">\n\t\t\t\tPolitique familiale de la municipalit\u00e9 de St-Basile-Le-Grand\t\t\t<\/a>\n\n\t\t\t\t<\/h3>\n\t\t\n\t\t<div class=\"uael-post__excerpt\">\n\t\t\t\t\t<\/div>\n\n\t\t\t\t\t<\/div>\n\t\t\t\n\t\t<\/div>\n\t\t\n\t<\/div>\n\n<\/div>\n\n<div class=\"uael-post-wrapper   artwork \">\n\t<div class=\"uael-post__bg-wrap uael-bg-wrap-disabled \">\n\n\t\t\t\t\n\t\t<div class=\"uael-post__inner-wrap uael-inner-wrap-disabled\">\n\n\t\t\t\t<div class=\"uael-post__thumbnail\">\n\t\t\t\n\t\t\t<a href=\"https:\/\/carolinesingler.com\/en\/la-societe-canadienne-du-cancer\/\" target=\"_self\" title=\"La soci\u00e9t\u00e9 canadienne du cancer\"><img loading=\"lazy\" decoding=\"async\" width=\"1000\" height=\"576\" src=\"https:\/\/carolinesingler.com\/wp-content\/uploads\/2022\/04\/societe-canadienne-cancer-2.jpg\" class=\"attachment-full size-full wp-image-1034\" alt=\"\" srcset=\"https:\/\/carolinesingler.com\/wp-content\/uploads\/2022\/04\/societe-canadienne-cancer-2.jpg 1000w, https:\/\/carolinesingler.com\/wp-content\/uploads\/2022\/04\/societe-canadienne-cancer-2-600x346.jpg 600w, https:\/\/carolinesingler.com\/wp-content\/uploads\/2022\/04\/societe-canadienne-cancer-2-300x173.jpg 300w, https:\/\/carolinesingler.com\/wp-content\/uploads\/2022\/04\/societe-canadienne-cancer-2-768x442.jpg 768w\" sizes=\"(max-width: 1000px) 100vw, 1000px\" \/><\/a>\n\t\t\t\t\t<\/div>\n\t\t\n\t\t\t\n\t\t\t<div class=\"uael-post__content-wrap uael-content-wrap-disabled\">\n\t\t\t\t\t<h3 class=\"uael-post__title\">\n\n\t\t\n\t\t\t\t\t\t<a href=\"https:\/\/carolinesingler.com\/en\/la-societe-canadienne-du-cancer\/\" target=\"_self\">\n\t\t\t\tLa soci\u00e9t\u00e9 canadienne du cancer\t\t\t<\/a>\n\n\t\t\t\t<\/h3>\n\t\t\n\t\t<div class=\"uael-post__excerpt\">\n\t\t\t\t\t<\/div>\n\n\t\t\t\t\t<\/div>\n\t\t\t\n\t\t<\/div>\n\t\t\n\t<\/div>\n\n<\/div>\n\n<div class=\"uael-post-wrapper   artwork \">\n\t<div class=\"uael-post__bg-wrap uael-bg-wrap-disabled \">\n\n\t\t\t\t\n\t\t<div class=\"uael-post__inner-wrap uael-inner-wrap-disabled\">\n\n\t\t\t\t<div class=\"uael-post__thumbnail\">\n\t\t\t\n\t\t\t<a href=\"https:\/\/carolinesingler.com\/en\/les-marraines-dallaitement\/\" target=\"_self\" title=\"Les marraines d&#8217;allaitement\"><img loading=\"lazy\" decoding=\"async\" width=\"1136\" height=\"2416\" src=\"https:\/\/carolinesingler.com\/wp-content\/uploads\/2022\/04\/pamplet-mam.jpg\" class=\"attachment-full size-full wp-image-1044\" alt=\"\" srcset=\"https:\/\/carolinesingler.com\/wp-content\/uploads\/2022\/04\/pamplet-mam.jpg 1136w, https:\/\/carolinesingler.com\/wp-content\/uploads\/2022\/04\/pamplet-mam-600x1276.jpg 600w, https:\/\/carolinesingler.com\/wp-content\/uploads\/2022\/04\/pamplet-mam-141x300.jpg 141w, https:\/\/carolinesingler.com\/wp-content\/uploads\/2022\/04\/pamplet-mam-481x1024.jpg 481w, https:\/\/carolinesingler.com\/wp-content\/uploads\/2022\/04\/pamplet-mam-768x1633.jpg 768w, https:\/\/carolinesingler.com\/wp-content\/uploads\/2022\/04\/pamplet-mam-722x1536.jpg 722w, https:\/\/carolinesingler.com\/wp-content\/uploads\/2022\/04\/pamplet-mam-963x2048.jpg 963w\" sizes=\"(max-width: 1136px) 100vw, 1136px\" \/><\/a>\n\t\t\t\t\t<\/div>\n\t\t\n\t\t\t\n\t\t\t<div class=\"uael-post__content-wrap uael-content-wrap-disabled\">\n\t\t\t\t\t<h3 class=\"uael-post__title\">\n\n\t\t\n\t\t\t\t\t\t<a href=\"https:\/\/carolinesingler.com\/en\/les-marraines-dallaitement\/\" target=\"_self\">\n\t\t\t\tLes marraines d&#8217;allaitement\t\t\t<\/a>\n\n\t\t\t\t<\/h3>\n\t\t\n\t\t<div class=\"uael-post__excerpt\">\n\t\t\t\t\t<\/div>\n\n\t\t\t\t\t<\/div>\n\t\t\t\n\t\t<\/div>\n\t\t\n\t<\/div>\n\n<\/div>\n\n<div class=\"uael-post-wrapper   artwork \">\n\t<div class=\"uael-post__bg-wrap uael-bg-wrap-disabled \">\n\n\t\t\t\t\n\t\t<div class=\"uael-post__inner-wrap uael-inner-wrap-disabled\">\n\n\t\t\t\t<div class=\"uael-post__thumbnail\">\n\t\t\t\n\t\t\t<a href=\"https:\/\/carolinesingler.com\/en\/petit-chat\/\" target=\"_self\" title=\"Petit chat\"><img loading=\"lazy\" decoding=\"async\" width=\"490\" height=\"527\" src=\"https:\/\/carolinesingler.com\/wp-content\/uploads\/2022\/04\/Petit-chat.jpg\" class=\"attachment-full size-full wp-image-956\" alt=\"\" srcset=\"https:\/\/carolinesingler.com\/wp-content\/uploads\/2022\/04\/Petit-chat.jpg 490w, https:\/\/carolinesingler.com\/wp-content\/uploads\/2022\/04\/Petit-chat-279x300.jpg 279w\" sizes=\"(max-width: 490px) 100vw, 490px\" \/><\/a>\n\t\t\t\t\t<\/div>\n\t\t\n\t\t\t\n\t\t\t<div class=\"uael-post__content-wrap uael-content-wrap-disabled\">\n\t\t\t\t\t<h3 class=\"uael-post__title\">\n\n\t\t\n\t\t\t\t\t\t<a href=\"https:\/\/carolinesingler.com\/en\/petit-chat\/\" target=\"_self\">\n\t\t\t\tPetit chat\t\t\t<\/a>\n\n\t\t\t\t<\/h3>\n\t\t\n\t\t<div class=\"uael-post__excerpt\">\n\t\t\t\t\t<\/div>\n\n\t\t\t\t\t<\/div>\n\t\t\t\n\t\t<\/div>\n\t\t\n\t<\/div>\n\n<\/div>\n\t\t\t\t<\/div>\n\t\t\t\t\t\t<div class=\"uael-post-inf-loader\">\n\t\t\t\t<div class=\"uael-post-loader-1\"><\/div>\n\t\t\t\t<div class=\"uael-post-loader-2\"><\/div>\n\t\t\t\t<div class=\"uael-post-loader-3\"><\/div>\n\t\t\t<\/div>\n\t\t\t\t\t\t\n\t\t<\/div>\n\n\t\t\t\t\t\t<\/div>\n\t\t<div class=\"uael-post__footer\">\n\t\t\t\t\t<\/div>\n\t\t\t\t\t\t<\/div>\n\t\t\t\t<\/div>\n\t\t\t\t\t<\/div>\n\t\t<\/div>\n\t\t\t\t\t<\/div>\n\t\t<\/section>\n\t\t\t\t<\/div>\n\t\t","protected":false},"excerpt":{"rendered":"<p>Artwork Politique familiale de la municipalit\u00e9 de St-Basile-Le-Grand La soci\u00e9t\u00e9 canadienne du cancer Les marraines d&rsquo;allaitement Petit chat<\/p>\n","protected":false},"author":1,"featured_media":0,"parent":0,"menu_order":0,"comment_status":"closed","ping_status":"closed","template":"","meta":{"_uag_custom_page_level_css":"","site-sidebar-layout":"no-sidebar","site-content-layout":"page-builder","ast-site-content-layout":"default","site-content-style":"default","site-sidebar-style":"default","ast-global-header-display":"","ast-banner-title-visibility":"","ast-main-header-display":"","ast-hfb-above-header-display":"","ast-hfb-below-header-display":"","ast-hfb-mobile-header-display":"","site-post-title":"disabled","ast-breadcrumbs-content":"","ast-featured-img":"disabled","footer-sml-layout":"","ast-disable-related-posts":"","theme-transparent-header-meta":"","adv-header-id-meta":"","stick-header-meta":"","header-above-stick-meta":"","header-main-stick-meta":"","header-below-stick-meta":"","astra-migrate-meta-layouts":"default","ast-page-background-enabled":"default","ast-page-background-meta":{"desktop":{"background-color":"","background-image":"","background-repeat":"repeat","background-position":"center center","background-size":"auto","background-attachment":"scroll","background-type":"","background-media":"","overlay-type":"","overlay-color":"","overlay-opacity":"","overlay-gradient":""},"tablet":{"background-color":"","background-image":"","background-repeat":"repeat","background-position":"center center","background-size":"auto","background-attachment":"scroll","background-type":"","background-media":"","overlay-type":"","overlay-color":"","overlay-opacity":"","overlay-gradient":""},"mobile":{"background-color":"","background-image":"","background-repeat":"repeat","background-position":"center center","background-size":"auto","background-attachment":"scroll","background-type":"","background-media":"","overlay-type":"","overlay-color":"","overlay-opacity":"","overlay-gradient":""}},"ast-content-background-meta":{"desktop":{"background-color":"var(--ast-global-color-5)","background-image":"","background-repeat":"repeat","background-position":"center center","background-size":"auto","background-attachment":"scroll","background-type":"","background-media":"","overlay-type":"","overlay-color":"","overlay-opacity":"","overlay-gradient":""},"tablet":{"background-color":"var(--ast-global-color-5)","background-image":"","background-repeat":"repeat","background-position":"center center","background-size":"auto","background-attachment":"scroll","background-type":"","background-media":"","overlay-type":"","overlay-color":"","overlay-opacity":"","overlay-gradient":""},"mobile":{"background-color":"var(--ast-global-color-5)","background-image":"","background-repeat":"repeat","background-position":"center center","background-size":"auto","background-attachment":"scroll","background-type":"","background-media":"","overlay-type":"","overlay-color":"","overlay-opacity":"","overlay-gradient":""}},"footnotes":""},"class_list":["post-1465","page","type-page","status-publish","hentry"],"uagb_featured_image_src":{"full":false,"thumbnail":false,"medium":false,"medium_large":false,"large":false,"1536x1536":false,"2048x2048":false,"woocommerce_thumbnail":false,"woocommerce_single":false,"woocommerce_gallery_thumbnail":false},"uagb_author_info":{"display_name":"ndufour","author_link":"https:\/\/carolinesingler.com\/en\/author\/ndufour\/"},"uagb_comment_info":0,"uagb_excerpt":"Artwork Politique familiale de la municipalit\u00e9 de St-Basile-Le-Grand La soci\u00e9t\u00e9 canadienne du cancer Les marraines d&rsquo;allaitement Petit chat","_links":{"self":[{"href":"https:\/\/carolinesingler.com\/en\/wp-json\/wp\/v2\/pages\/1465","targetHints":{"allow":["GET"]}}],"collection":[{"href":"https:\/\/carolinesingler.com\/en\/wp-json\/wp\/v2\/pages"}],"about":[{"href":"https:\/\/carolinesingler.com\/en\/wp-json\/wp\/v2\/types\/page"}],"author":[{"embeddable":true,"href":"https:\/\/carolinesingler.com\/en\/wp-json\/wp\/v2\/users\/1"}],"replies":[{"embeddable":true,"href":"https:\/\/carolinesingler.com\/en\/wp-json\/wp\/v2\/comments?post=1465"}],"version-history":[{"count":1,"href":"https:\/\/carolinesingler.com\/en\/wp-json\/wp\/v2\/pages\/1465\/revisions"}],"predecessor-version":[{"id":1466,"href":"https:\/\/carolinesingler.com\/en\/wp-json\/wp\/v2\/pages\/1465\/revisions\/1466"}],"wp:attachment":[{"href":"https:\/\/carolinesingler.com\/en\/wp-json\/wp\/v2\/media?parent=1465"}],"curies":[{"name":"wp","href":"https:\/\/api.w.org\/{rel}","templated":true}]}}